{"id":18,"date":"2015-10-12T00:53:00","date_gmt":"2015-10-12T00:53:00","guid":{"rendered":"http:\/\/parkettinnung.de\/web\/?page_id=18"},"modified":"2015-10-12T00:53:00","modified_gmt":"2015-10-12T00:53:00","slug":"bodenbelaege","status":"publish","type":"page","link":"https:\/\/parkettinnung.de\/web\/bodenbelaege\/","title":{"rendered":"Bodenbel\u00e4ge"},"content":{"rendered":"<p><img loading=\"lazy\" class=\"alignnone size-medium wp-image-19\" src=\"https:\/\/parkettinnung.de\/web\/wp-content\/uploads\/2015\/10\/boedenklein-900x364.jpg\" alt=\"boedenklein\" width=\"900\" height=\"364\" srcset=\"https:\/\/parkettinnung.de\/web\/wp-content\/uploads\/2015\/10\/boedenklein.jpg 900w, https:\/\/parkettinnung.de\/web\/wp-content\/uploads\/2015\/10\/boedenklein-525x212.jpg 525w\" sizes=\"(max-width: 900px) 100vw, 900px\" \/><\/p>\n<p><b>Der Fu\u00dfboden<\/b>\u00a0\u2013 das erste M\u00f6belst\u00fcck eines Raumes<\/p>\n<p>Der Fu\u00dfboden ist Teil einer gelungenen Innenausstattung. Bei der Wahl des Materials spielen nicht nur das Aussehen, sondern auch die Strapazierf\u00e4higkeit und die Pflege eine wichtige Rolle. Die Auswahl, die Ihnen unsere Innungs-Fachbetriebe bieten k\u00f6nnen ist gro\u00df.<\/p>\n<p>Unterschiedlichste Bodenbel\u00e4ge, vom Linoleum, PVC, Teppichboden bis hin zum Parkettboden in seinen vielf\u00e4ltigen Varianten. Die Vielzahl der H\u00f6lzer, Farben und Maserungen sowie die Art der Oberfl\u00e4chenbehandlung und der Verlegung bieten interessante Alternativen.<\/p>\n<p>F\u00fcr alle Anspr\u00fcche findet sich die richtige L\u00f6sung. Zeitlos sollte Ihr Fu\u00dfboden sein, denn er sollte Sie nicht in der Wahl Ihrer Einrichtung einschr\u00e4nken. Damit wird jeder Fu\u00dfboden zum individuellen Einzelst\u00fcck.<\/p>\n<p>Auf unserer Internetseite wollen wir Ihnen einen \u00dcberblick \u00fcber die Vielfalt unserer breiten Produktpalette geben, damit Sie den richtigen Fu\u00dfboden f\u00fcr Ihre Anspr\u00fcche finden. Weitere Informationen erhalten Sie bei Ihrem Innungs-Fachbetrieb in Ihrer N\u00e4he.<\/p>\n","protected":false},"excerpt":{"rendered":"<p>Der Fu\u00dfboden\u00a0\u2013 das erste M\u00f6belst\u00fcck eines Raumes Der Fu\u00dfboden ist Teil einer gelungenen Innenausstattung. Bei der Wahl des Materials spielen nicht nur das Aussehen, sondern auch die Strapazierf\u00e4higkeit und die Pflege eine wichtige Rolle. Die Auswahl, die Ihnen unsere Innungs-Fachbetriebe bieten k\u00f6nnen ist gro\u00df. Unterschiedlichste Bodenbel\u00e4ge, vom Linoleum, PVC, Teppichboden bis hin zum Parkettboden in [&hellip;]<\/p>\n","protected":false},"author":1,"featured_media":0,"parent":0,"menu_order":0,"comment_status":"closed","ping_status":"closed","template":"","meta":[],"_links":{"self":[{"href":"https:\/\/parkettinnung.de\/web\/wp-json\/wp\/v2\/pages\/18"}],"collection":[{"href":"https:\/\/parkettinnung.de\/web\/wp-json\/wp\/v2\/pages"}],"about":[{"href":"https:\/\/parkettinnung.de\/web\/wp-json\/wp\/v2\/types\/page"}],"author":[{"embeddable":true,"href":"https:\/\/parkettinnung.de\/web\/wp-json\/wp\/v2\/users\/1"}],"replies":[{"embeddable":true,"href":"https:\/\/parkettinnung.de\/web\/wp-json\/wp\/v2\/comments?post=18"}],"version-history":[{"count":1,"href":"https:\/\/parkettinnung.de\/web\/wp-json\/wp\/v2\/pages\/18\/revisions"}],"predecessor-version":[{"id":20,"href":"https:\/\/parkettinnung.de\/web\/wp-json\/wp\/v2\/pages\/18\/revisions\/20"}],"wp:attachment":[{"href":"https:\/\/parkettinnung.de\/web\/wp-json\/wp\/v2\/media?parent=18"}],"curies":[{"name":"wp","href":"https:\/\/api.w.org\/{rel}","templated":true}]}}