{"id":2,"date":"2015-10-12T02:34:50","date_gmt":"2015-10-12T02:34:50","guid":{"rendered":"http:\/\/parkettinnung.de\/web\/?page_id=2"},"modified":"2022-08-31T07:59:37","modified_gmt":"2022-08-31T07:59:37","slug":"impressum","status":"publish","type":"page","link":"https:\/\/parkettinnung.de\/web\/impressum\/","title":{"rendered":"Impressum"},"content":{"rendered":"<p><strong>Anbieterkennzeichnung nach \u00a7 5 Telemediengesetz (TMG)<\/strong><\/p>\n<p><strong>Innung Parkett- und Fu\u00dfbodentechnik f\u00fcr den Reg.-Bezirk Detmold<\/strong><br \/>\nDie Innung Parkett- und Fu\u00dfbodentechnik f\u00fcr den Reg.-Bezirk Detmold ist eine K\u00f6rperschaft des \u00f6ffentlichen Rechts und betreibt das Portal des Parkett- und Bodenlegerhandwerks f\u00fcr den Reg.-Bezirk Detmold unter der Internet-Domain <a href=\"http:\/\/www.parkettinnung.de\" target=\"_blank\" rel=\"noopener noreferrer\">www.parkettinnung.de<\/a>.<\/p>\n<p><strong>Vorstand \/ Gesch\u00e4ftsf\u00fchrung:<\/strong><br \/>\nDie Innung Parkett- und Fu\u00dfbodentechnik f\u00fcr den Reg.-Bezirk Detmold wird vertreten durch Stefan Schmuck (Obermeister) und Alexander Kostka (Gesch\u00e4ftsf\u00fchrer).<\/p>\n<p><strong>Redaktionelle Verantwortung gem\u00e4\u00df \u00a7 55 Abs. 2 Rundfunkstaatsvertrag:<\/strong><br \/>\nAlexander Kostka<br \/>\nT. +49 (0)5241 \/ 23 484 -0<br \/>\n<a href=\"mailto:info@kh-gt.de\" target=\"_blank\" rel=\"noopener noreferrer\">info@kh-gt.de<\/a><\/p>\n<p><strong>Anschrift:<\/strong><br \/>\nInnung Parkett- und Fu\u00dfbodentechnik f\u00fcr den Reg.-Bezirk Detmold<br \/>\nEickhoffstr. 3<br \/>\nD-33330 G\u00fctersloh<br \/>\nT. +49 (0) 52 41 \/ 23 48 4-0<br \/>\nF. +49 (0) 52 41 \/ 23 48 4-10<br \/>\n<a href=\"mailto:info@parkettinnung.de\" target=\"_blank\" rel=\"noopener noreferrer\">info@parkettinnung.de<\/a><\/p>\n<p><strong>Aufsichtsbeh\u00f6rde:<\/strong><br \/>\nHandwerkskammer Ostwestfalen-Lippe zu Bielefeld<br \/>\nCampus Handwerk 1, 33613 Bielefeld<br \/>\n<a href=\"http:\/\/www.hwk-owl.de\" target=\"_blank\" rel=\"noopener noreferrer\">www.hwk-owl.de<\/a><\/p>\n<p><strong>Fotos:<\/strong> <a href=\"http:\/\/www.mdmphoto.de\" target=\"_blank\" rel=\"noopener noreferrer\">mike-dennis mueller photographie<\/a><\/p>\n<p><strong>1. Webseiten-Inhalt<\/strong><br \/>\nWir versuchen den Inhalt unserer Webseite so aktuell wie m\u00f6glich zu halten. Wir k\u00f6nnen jedoch nicht garantieren, dass\u00a0 einzelne Artikel oder sonstige Seiteninhalte aktuell sind. Wir k\u00f6nnen ebenso nicht garantieren, dass die Seiteninhalte vollst\u00e4ndig und korrekt sind. Auch erteilen wir auf unserer Seite keine Rechtsberatung. Eine Gew\u00e4hr f\u00fcr die Richtigkeit der erteilten Informationen k\u00f6nnen wir nicht \u00fcbernehmen.<\/p>\n<p>Das auf dieser Webseite verwendete Bildmaterial ist lizenzpflichtig. Das Herunterladen und jedwede Verwendung ist untersagt. Bei Zuwiderhandlung k\u00f6nnen Schadensersatzanspr\u00fcche seitens der Lizenzgeber erfolgen, f\u00fcr die von uns keine Haftung \u00fcbernommen wird.<\/p>\n<p><strong>2. Haftung<\/strong><br \/>\nSoweit von unserer Webseite auf andere Webseiten verlinkt wird, machen wir uns die fremden Inhalte ausdr\u00fccklich nicht zu eigen. Sofern wir Kenntnis von rechtswidrigen Inhalten auf externen Webseiten erhalten, werden wir den Zugang zu diesen Seiten unverz\u00fcglich sperren. Unsere Haftung und die unserer Erf\u00fcllungsgehilfen beschr\u00e4nkt sich auf leichte Fahrl\u00e4ssigkeit und nur auf den vorhersehbaren, unmittelbaren Durchschnittsschaden, soweit er f\u00fcr das zwischen Ihnen und uns bestehende Verh\u00e4ltnis von Anbieter und Nutzer typisch ist. Bei leicht fahrl\u00e4ssigen Verletzungen unwesentlicher Pflichten unsererseits besteht keine Haftung. Die Haftungsbeschr\u00e4nkungen betreffen selbstverst\u00e4ndlich keine Anspr\u00fcche aus Produkthaftung, Garantie oder K\u00f6rper- und Gesundheitssch\u00e4den oder bei Verlust des Lebens.<\/p>\n<p><span style=\"font-size: 18pt;\"><strong>Datenschutzinformation<\/strong><\/span><\/p>\n<p><span style=\"text-decoration: underline;\"><strong>I. Was wir speichern<\/strong><\/span><\/p>\n<p><strong>Zugriffsdaten<\/strong><br \/>\nWenn Sie unsere Seite besuchen und keine Angaben zu Ihrer Person machen, so speichern wir nur die Zugriffsdaten. Das sind beispielsweise Datum und Uhrzeit des Zugriffs, die Seite, von der aus der Zugriff erfolgte, der verwendete Web-Browser und der Name des Service Providers. Eine personenbezogene Auswertung der Daten findet nicht statt. Wir werten die Daten nur zu statistischen Zwecken aus.<\/p>\n<p><strong>Personenbezogene Daten<\/strong><br \/>\nPersonenbezogene Daten sind alle Informationen, aufgrund derer eine Person direkt oder indirekt identifiziert werden kann, z.B. Name, Wohnanschrift, E-Mail-Adresse, Geburtsdatum, Beruf. Wir erheben Ihre personenbezogenen Daten nur, wenn Sie uns diese freiwillig mitgeteilt haben. Eine Nutzung zu Werbezwecken erfolgt nur, wenn Sie in die weitere Verwendung der Daten ausdr\u00fccklich eingewilligt haben. Wir nutzen Ihre personenbezogenen Daten ausschlie\u00dflich zu den mitgeteilten Zwecken. Der Inhalt der Einwilligungserkl\u00e4rung ist jederzeit f\u00fcr Sie abrufbar. Sie k\u00f6nnen die Einwilligung jederzeit widerrufen.<\/p>\n<p><strong>Web Analytics Software<\/strong><br \/>\nAuf dieser Website wird die Software \u201eWebalizer\u201c (www.webalizer.org) eingesetzt. Es ist eine Web Analytics Software, die mit Logdateianalyse arbeitet. Die vom Webalizer generierten Statistiken enthalten \u00fcblicherweise folgende Informationen: Anfragen, Besuche, Verweise, L\u00e4nder der Besucher und Menge der ausgelieferten Daten. Diese Statistiken k\u00f6nnen sowohl grafisch als auch textuell betrachtet werden und sind auf unterschiedlichen Zeitskalen (Stunden, Tage, Monate, Jahre) dargestellt. Die mit Webalizer erhobenen Daten werden nicht dazu benutzt, den Besucher dieser Website pers\u00f6nlich zu identifizieren und nicht mit personenbezogenen Daten \u00fcber den Tr\u00e4ger des Pseudonyms zusammengef\u00fchrt. Es handelt sich um eine Auswertung f\u00fcr den Lizenznehmer, um das Angebot auf der Website ggf. zielgruppengerecht anzupassen.<\/p>\n<p><span style=\"text-decoration: underline;\"><strong>II. Cookies<\/strong><\/span><br \/>\nWir verwenden Cookies. Dies erleichtert Ihnen, bei einer Wiederkehr den Zugriff auf unsere Seite und verhilft uns zu einer Optimierung unseres Onlineangebotes. Cookies sind Textdateien, die auf Ihrer Festplatte abgelegt und nur durch unseren Server wieder ausgelesen werden k\u00f6nnen, wenn Sie eine datentechnische Verbindung zu unserem Server aufbauen. Wir verwenden sowohl Sitzungs-Cookies als auch dauerhafte Cookies. Die sogenannten Sitzungs-Cookies sind Cookies, die nach Ende der jeweiligen Browser-Sitzung wieder von Ihrer Festplatte gel\u00f6scht werden. Die dauerhaften Cookies verbleiben auf Ihrer Festplatte, so dass wir Ihren Rechner bei Ihrem n\u00e4chsten Besuch wieder erkennen. Sie k\u00f6nnen Ihren Browser so einstellen, dass er Cookies automatisch akzeptiert oder Sie \u00fcber das Senden von Cookies informiert oder die Verwendung von Cookies ausschlie\u00dft.<\/p>\n<p><span style=\"text-decoration: underline;\"><strong>III. Ihr Auskunftsrecht<\/strong><\/span><br \/>\nSie haben ein Recht auf unentgeltliche Auskunft \u00fcber Ihre bei uns gespeicherten Daten. Ebenso k\u00f6nnen Sie Berichtigung, Sperrung oder L\u00f6schung der Daten verlangen.<br \/>\nIV. Ihr Ansprechpartner in Fragen des Datenschutzes<br \/>\nHaben Sie Fragen zur Erhebung, Verarbeitung oder Nutzung Ihrer personenbezogenen Daten oder w\u00fcnschen Sie eine Auskunft, Berichtigung, Sperrung oder L\u00f6schung der Daten oder den Widerruf ihrer Einwilligung? Dann wenden Sie sich an:<br \/>\nMarianne Kobrink, T. +49 (0)52 41 \/ 23 48 4-20, E-Mail: <a href=\"mailto:kobrink@kh-gt.de\" target=\"_blank\" rel=\"noopener noreferrer\">kobrink@kh-gt.de<\/a><\/p>\n","protected":false},"excerpt":{"rendered":"<p>Anbieterkennzeichnung nach \u00a7 5 Telemediengesetz (TMG) Innung Parkett- und Fu\u00dfbodentechnik f\u00fcr den Reg.-Bezirk Detmold Die Innung Parkett- und Fu\u00dfbodentechnik f\u00fcr den Reg.-Bezirk Detmold ist eine K\u00f6rperschaft des \u00f6ffentlichen Rechts und betreibt das Portal des Parkett- und Bodenlegerhandwerks f\u00fcr den Reg.-Bezirk Detmold unter der Internet-Domain www.parkettinnung.de. Vorstand \/ Gesch\u00e4ftsf\u00fchrung: Die Innung Parkett- und Fu\u00dfbodentechnik f\u00fcr den [&hellip;]<\/p>\n","protected":false},"author":1,"featured_media":0,"parent":0,"menu_order":0,"comment_status":"closed","ping_status":"open","template":"","meta":[],"_links":{"self":[{"href":"https:\/\/parkettinnung.de\/web\/wp-json\/wp\/v2\/pages\/2"}],"collection":[{"href":"https:\/\/parkettinnung.de\/web\/wp-json\/wp\/v2\/pages"}],"about":[{"href":"https:\/\/parkettinnung.de\/web\/wp-json\/wp\/v2\/types\/page"}],"author":[{"embeddable":true,"href":"https:\/\/parkettinnung.de\/web\/wp-json\/wp\/v2\/users\/1"}],"replies":[{"embeddable":true,"href":"https:\/\/parkettinnung.de\/web\/wp-json\/wp\/v2\/comments?post=2"}],"version-history":[{"count":9,"href":"https:\/\/parkettinnung.de\/web\/wp-json\/wp\/v2\/pages\/2\/revisions"}],"predecessor-version":[{"id":844,"href":"https:\/\/parkettinnung.de\/web\/wp-json\/wp\/v2\/pages\/2\/revisions\/844"}],"wp:attachment":[{"href":"https:\/\/parkettinnung.de\/web\/wp-json\/wp\/v2\/media?parent=2"}],"curies":[{"name":"wp","href":"https:\/\/api.w.org\/{rel}","templated":true}]}}